{"id":103,"date":"2022-12-17T13:46:16","date_gmt":"2022-12-17T13:46:16","guid":{"rendered":"https:\/\/fitnow.stronazen.pl\/?page_id=103"},"modified":"2022-12-17T14:26:12","modified_gmt":"2022-12-17T14:26:12","slug":"czarna-wisnia","status":"publish","type":"page","link":"https:\/\/fitnow.stronazen.pl\/index.php\/czarna-wisnia\/","title":{"rendered":"Czarna Wi\u015bnia"},"content":{"rendered":"<p>[vc_row][vc_column width=&#8221;1\/2&#8243;]<div class=\"eut-empty-space eut-height-1x\" style=\"\"><\/div><div class=\"eut-element eut-image eut-align-center\" style=\"\">  <div class=\"eut-image-wrapper\"><img width=\"1000\" height=\"1000\" src=\"https:\/\/fitnow.stronazen.pl\/wp-content\/uploads\/2022\/12\/Czarna-Wisnia-50g.png\" class=\"attachment-full size-full\" alt=\"\" loading=\"lazy\" srcset=\"https:\/\/fitnow.stronazen.pl\/wp-content\/uploads\/2022\/12\/Czarna-Wisnia-50g.png 1000w, https:\/\/fitnow.stronazen.pl\/wp-content\/uploads\/2022\/12\/Czarna-Wisnia-50g-300x300.png 300w, https:\/\/fitnow.stronazen.pl\/wp-content\/uploads\/2022\/12\/Czarna-Wisnia-50g-150x150.png 150w, https:\/\/fitnow.stronazen.pl\/wp-content\/uploads\/2022\/12\/Czarna-Wisnia-50g-768x768.png 768w, https:\/\/fitnow.stronazen.pl\/wp-content\/uploads\/2022\/12\/Czarna-Wisnia-50g-560x560.png 560w, https:\/\/fitnow.stronazen.pl\/wp-content\/uploads\/2022\/12\/Czarna-Wisnia-50g-900x900.png 900w\" sizes=\"(max-width: 1000px) 100vw, 1000px\" \/>  <\/div><\/div>[\/vc_column][vc_column width=&#8221;1\/2&#8243;]<h3 class=\"eut-element eut-title eut-align-inherit eut-h3\" style=\"\"><span><br>\n<h2 style=\"text-align: center;\"><strong>Czarna Wi\u015bnia<br \/>\n<\/strong><\/h2>\n<\/span><\/h3><div class=\"eut-empty-space eut-height-1x\" style=\"\"><\/div>[vc_column_text text_style=&#8221;leader-text&#8221;]<\/p>\n<h6><strong>Sk\u0142ad:\u00a0<\/strong>Czarna herbata + Wi\u015bnie liofilizowane + P\u0142atki nagietka + P\u0142atki b\u0142awatka + Aromat<\/h6>\n<h6><strong>Opis: <\/strong>Mocny, zdecydowany, charakterystyczny smak dla herbaty czarnej i wytrawny smak wi\u015bni z dodatkiem p\u0142atk\u00f3w nagietka i b\u0142awatka. Herbata naci\u0105ga bardzo szybko intensywnym naparem, wi\u0119c nie nale\u017cy parzy\u0107 jej zbyt d\u0142ugo. Herbata czarna pochodzi z plantacji indyjskich, chi\u0144skich i afryka\u0144skich. Szczeg\u00f3lnie aromatyczna herbata pochodzi z Darjeeling, okr\u0119gu w p\u00f3\u0142nocnych Indiach. Proces produkcji sk\u0142ada si\u0119 z czterech etap\u00f3w: wi\u0119dni\u0119cia, zwijania, fermentowania i suszenia. Czarna herbata jest poddawana procesowi pe\u0142nej fermentacji. Napar mo\u017ce mie\u0107 ciemny intensywny kolor albo \u017cywy, czerwony.<\/h6>\n<h6><strong>Pochodzenie: <\/strong>Unia Europejska<\/h6>\n<h6><strong>Spos\u00f3b przygotowania:\u00a0<\/strong>Zaparza\u0107 wrz\u0105tkiem 90 &#8211; 95\u00b0C przez oko\u0142o 3 &#8211; 5 minut. Po wskazanym czasie listki oddzieli\u0107 od naparu, gdy\u017c wydzielaj\u0105ce si\u0119 do naparu garbniki sprawi\u0105, \u017ce napar b\u0119dzie gorzki i zahamuj\u0105 wch\u0142anianie magnezu i \u017celaza oraz mikroelement\u00f3w niezb\u0119dnych do prawid\u0142owego funkcjonowania naszego organizmu.<\/h6>\n<p>[\/vc_column_text][\/vc_column][\/vc_row][vc_row][vc_column][vc_column_text]<\/p>\n<p style=\"text-align: center;\"><strong><a href=\"https:\/\/fitnow.stronazen.pl\/index.php\/hebatki\/\">powr\u00f3t do herbatek<\/a><\/strong><\/p>\n<p>[\/vc_column_text][\/vc_column][\/vc_row]<\/p>\n","protected":false},"excerpt":{"rendered":"<p>[vc_row][vc_column width=&#8221;1\/2&#8243;][\/vc_column][vc_column width=&#8221;1\/2&#8243;][vc_column_text text_style=&#8221;leader-text&#8221;] Sk\u0142ad:\u00a0Czarna herbata + Wi\u015bnie liofilizowane + P\u0142atki nagietka + P\u0142atki b\u0142awatka + Aromat Opis: Mocny, zdecydowany, charakterystyczny smak dla herbaty czarnej i wytrawny smak wi\u015bni z dodatkiem p\u0142atk\u00f3w nagietka i b\u0142awatka. Herbata naci\u0105ga bardzo szybko intensywnym naparem, wi\u0119c nie nale\u017cy parzy\u0107 jej zbyt d\u0142ugo. Herbata czarna pochodzi z plantacji indyjskich, chi\u0144skich [&hellip;]<\/p>\n","protected":false},"author":1,"featured_media":0,"parent":0,"menu_order":0,"comment_status":"closed","ping_status":"closed","template":"","meta":[],"_links":{"self":[{"href":"https:\/\/fitnow.stronazen.pl\/index.php\/wp-json\/wp\/v2\/pages\/103"}],"collection":[{"href":"https:\/\/fitnow.stronazen.pl\/index.php\/wp-json\/wp\/v2\/pages"}],"about":[{"href":"https:\/\/fitnow.stronazen.pl\/index.php\/wp-json\/wp\/v2\/types\/page"}],"author":[{"embeddable":true,"href":"https:\/\/fitnow.stronazen.pl\/index.php\/wp-json\/wp\/v2\/users\/1"}],"replies":[{"embeddable":true,"href":"https:\/\/fitnow.stronazen.pl\/index.php\/wp-json\/wp\/v2\/comments?post=103"}],"version-history":[{"count":2,"href":"https:\/\/fitnow.stronazen.pl\/index.php\/wp-json\/wp\/v2\/pages\/103\/revisions"}],"predecessor-version":[{"id":135,"href":"https:\/\/fitnow.stronazen.pl\/index.php\/wp-json\/wp\/v2\/pages\/103\/revisions\/135"}],"wp:attachment":[{"href":"https:\/\/fitnow.stronazen.pl\/index.php\/wp-json\/wp\/v2\/media?parent=103"}],"curies":[{"name":"wp","href":"https:\/\/api.w.org\/{rel}","templated":true}]}}