{"id":105,"date":"2022-12-17T13:48:58","date_gmt":"2022-12-17T13:48:58","guid":{"rendered":"https:\/\/fitnow.stronazen.pl\/index.php\/czarna-wisnia-2\/"},"modified":"2022-12-17T14:27:28","modified_gmt":"2022-12-17T14:27:28","slug":"golden-beauty","status":"publish","type":"page","link":"https:\/\/fitnow.stronazen.pl\/index.php\/golden-beauty\/","title":{"rendered":"GOLDEN BEAUTY NO. 2"},"content":{"rendered":"<p>[vc_row][vc_column width=&#8221;1\/2&#8243;]<div class=\"eut-empty-space eut-height-1x\" style=\"\"><\/div><div class=\"eut-element eut-image eut-align-center\" style=\"\">  <div class=\"eut-image-wrapper\"><img width=\"1000\" height=\"1000\" src=\"https:\/\/fitnow.stronazen.pl\/wp-content\/uploads\/2022\/12\/Golden-Beauty-No-2-50g.png\" class=\"attachment-full size-full\" alt=\"\" loading=\"lazy\" srcset=\"https:\/\/fitnow.stronazen.pl\/wp-content\/uploads\/2022\/12\/Golden-Beauty-No-2-50g.png 1000w, https:\/\/fitnow.stronazen.pl\/wp-content\/uploads\/2022\/12\/Golden-Beauty-No-2-50g-300x300.png 300w, https:\/\/fitnow.stronazen.pl\/wp-content\/uploads\/2022\/12\/Golden-Beauty-No-2-50g-150x150.png 150w, https:\/\/fitnow.stronazen.pl\/wp-content\/uploads\/2022\/12\/Golden-Beauty-No-2-50g-768x768.png 768w, https:\/\/fitnow.stronazen.pl\/wp-content\/uploads\/2022\/12\/Golden-Beauty-No-2-50g-560x560.png 560w, https:\/\/fitnow.stronazen.pl\/wp-content\/uploads\/2022\/12\/Golden-Beauty-No-2-50g-900x900.png 900w\" sizes=\"(max-width: 1000px) 100vw, 1000px\" \/>  <\/div><\/div>[\/vc_column][vc_column width=&#8221;1\/2&#8243;]<h3 class=\"eut-element eut-title eut-align-inherit eut-h3\" style=\"\"><span><br>\n<h2 style=\"text-align: center;\"><strong>Golden Beauty No. 2<br \/>\n<\/strong><\/h2>\n<\/span><\/h3><div class=\"eut-empty-space eut-height-1x\" style=\"\"><\/div>[vc_column_text text_style=&#8221;leader-text&#8221;]<\/p>\n<h6><strong>Sk\u0142ad:\u00a0<\/strong>Czarna herbata<\/h6>\n<h6><strong>Opis: <\/strong>Herbata z kategorii Golden Beauty pozyskiwana ze z\u0142ocistych listk\u00f3w i p\u0105czk\u00f3w, pochodzi z prowincji Yunnan. Ma \u015bwie\u017cy,wykwintny, aromatyczny napar i z\u0142ocisty kolor. Herbata jest prawdziwym rarytasem w\u015br\u00f3d koneser\u00f3w.<\/h6>\n<h6><strong>Pochodzenie: <\/strong>Chiny<\/h6>\n<h6><strong>Spos\u00f3b przygotowania:\u00a0<\/strong>Zaparza\u0107 wrz\u0105tkiem 90 &#8211; 95\u00b0C przez oko\u0142o 3 &#8211; 5 minut. Po wskazanym czasie listki oddzieli\u0107 od naparu, gdy\u017c wydzielaj\u0105ce si\u0119 do naparu garbniki sprawi\u0105, \u017ce napar b\u0119dzie gorzki i zahamuj\u0105 wch\u0142anianie magnezu i \u017celaza oraz mikroelement\u00f3w niezb\u0119dnych do prawid\u0142owego funkcjonowania naszego organizmu.<\/h6>\n<p>[\/vc_column_text][\/vc_column][\/vc_row][vc_row][vc_column][vc_column_text]<\/p>\n<p style=\"text-align: center;\"><strong><a href=\"https:\/\/fitnow.stronazen.pl\/index.php\/hebatki\/\">powr\u00f3t do herbatek<\/a><\/strong><\/p>\n<p>[\/vc_column_text][\/vc_column][\/vc_row]<\/p>\n","protected":false},"excerpt":{"rendered":"<p>[vc_row][vc_column width=&#8221;1\/2&#8243;][\/vc_column][vc_column width=&#8221;1\/2&#8243;][vc_column_text text_style=&#8221;leader-text&#8221;] Sk\u0142ad:\u00a0Czarna herbata Opis: Herbata z kategorii Golden Beauty pozyskiwana ze z\u0142ocistych listk\u00f3w i p\u0105czk\u00f3w, pochodzi z prowincji Yunnan. Ma \u015bwie\u017cy,wykwintny, aromatyczny napar i z\u0142ocisty kolor. Herbata jest prawdziwym rarytasem w\u015br\u00f3d koneser\u00f3w. Pochodzenie: Chiny Spos\u00f3b przygotowania:\u00a0Zaparza\u0107 wrz\u0105tkiem 90 &#8211; 95\u00b0C przez oko\u0142o 3 &#8211; 5 minut. Po wskazanym czasie listki oddzieli\u0107 od [&hellip;]<\/p>\n","protected":false},"author":1,"featured_media":0,"parent":0,"menu_order":0,"comment_status":"closed","ping_status":"closed","template":"","meta":[],"_links":{"self":[{"href":"https:\/\/fitnow.stronazen.pl\/index.php\/wp-json\/wp\/v2\/pages\/105"}],"collection":[{"href":"https:\/\/fitnow.stronazen.pl\/index.php\/wp-json\/wp\/v2\/pages"}],"about":[{"href":"https:\/\/fitnow.stronazen.pl\/index.php\/wp-json\/wp\/v2\/types\/page"}],"author":[{"embeddable":true,"href":"https:\/\/fitnow.stronazen.pl\/index.php\/wp-json\/wp\/v2\/users\/1"}],"replies":[{"embeddable":true,"href":"https:\/\/fitnow.stronazen.pl\/index.php\/wp-json\/wp\/v2\/comments?post=105"}],"version-history":[{"count":3,"href":"https:\/\/fitnow.stronazen.pl\/index.php\/wp-json\/wp\/v2\/pages\/105\/revisions"}],"predecessor-version":[{"id":137,"href":"https:\/\/fitnow.stronazen.pl\/index.php\/wp-json\/wp\/v2\/pages\/105\/revisions\/137"}],"wp:attachment":[{"href":"https:\/\/fitnow.stronazen.pl\/index.php\/wp-json\/wp\/v2\/media?parent=105"}],"curies":[{"name":"wp","href":"https:\/\/api.w.org\/{rel}","templated":true}]}}