{"id":115,"date":"2022-12-17T14:08:27","date_gmt":"2022-12-17T14:08:27","guid":{"rendered":"https:\/\/fitnow.stronazen.pl\/?page_id=115"},"modified":"2022-12-17T14:29:03","modified_gmt":"2022-12-17T14:29:03","slug":"jasminowa","status":"publish","type":"page","link":"https:\/\/fitnow.stronazen.pl\/index.php\/jasminowa\/","title":{"rendered":"Ja\u015bminowa"},"content":{"rendered":"<p>[vc_row][vc_column width=&#8221;1\/2&#8243;]<div class=\"eut-empty-space eut-height-1x\" style=\"\"><\/div><div class=\"eut-element eut-image eut-align-center\" style=\"\">  <div class=\"eut-image-wrapper\"><img width=\"1000\" height=\"1000\" src=\"https:\/\/fitnow.stronazen.pl\/wp-content\/uploads\/2022\/12\/Jasminowa-50g.jpg\" class=\"attachment-full size-full\" alt=\"\" loading=\"lazy\" srcset=\"https:\/\/fitnow.stronazen.pl\/wp-content\/uploads\/2022\/12\/Jasminowa-50g.jpg 1000w, https:\/\/fitnow.stronazen.pl\/wp-content\/uploads\/2022\/12\/Jasminowa-50g-300x300.jpg 300w, https:\/\/fitnow.stronazen.pl\/wp-content\/uploads\/2022\/12\/Jasminowa-50g-150x150.jpg 150w, https:\/\/fitnow.stronazen.pl\/wp-content\/uploads\/2022\/12\/Jasminowa-50g-768x768.jpg 768w, https:\/\/fitnow.stronazen.pl\/wp-content\/uploads\/2022\/12\/Jasminowa-50g-560x560.jpg 560w, https:\/\/fitnow.stronazen.pl\/wp-content\/uploads\/2022\/12\/Jasminowa-50g-900x900.jpg 900w\" sizes=\"(max-width: 1000px) 100vw, 1000px\" \/>  <\/div><\/div>[\/vc_column][vc_column width=&#8221;1\/2&#8243;]<h3 class=\"eut-element eut-title eut-align-inherit eut-h3\" style=\"\"><span><br>\n<h2 style=\"text-align: center;\"><strong>Herbata Ja\u015bminowa<\/strong><\/h2>\n<\/span><\/h3><div class=\"eut-empty-space eut-height-1x\" style=\"\"><\/div>[vc_column_text text_style=&#8221;leader-text&#8221;]<\/p>\n<h6><strong>Opis: <\/strong>Herbata ciesz\u0105ca si\u0119 bardzo du\u017c\u0105 popularno\u015bci\u0105. Wytwarzana jest w tradycyjny spos\u00f3b bez u\u017cycia sztucznych aromat\u00f3w. Tu\u017c po zbiorach herbat\u0119\u00a0Yunnan\u00a0pozostawia si\u0119 do suszenia, uk\u0142adana jest na przemian warstwami ze\u00a0\u015bwie\u017cym ja\u015bminem, po czym pozostawiona jest do czasu a\u017c li\u015bcie herbaty nasi\u0105kn\u0105 esencj\u0105 \u015bwie\u017cego ja\u015bminu. Herbata Ja\u015bminowa ma niepowtarzalny smak i zapach. Cieszy si\u0119 bardzo du\u017cym uznaniem w\u015br\u00f3d degustator\u00f3w herbaty.<\/h6>\n<h6><strong>Pochodzenie: <\/strong>Chiny<\/h6>\n<h6><strong>Spos\u00f3b przygotowania:\u00a0<\/strong>Zaparza\u0107 w temperaturze 65 &#8211; 75\u00b0C maksymalnie 5\u00a0minut, potem oddzieli\u0107 li\u015bcie od naparu.<\/h6>\n<p>[\/vc_column_text][\/vc_column][\/vc_row][vc_row][vc_column][vc_column_text]<\/p>\n<p style=\"text-align: center;\"><a href=\"https:\/\/fitnow.stronazen.pl\/index.php\/hebatki\/\"><strong>powr\u00f3t do herbatek<\/strong><\/a><\/p>\n<p>[\/vc_column_text][\/vc_column][\/vc_row]<\/p>\n","protected":false},"excerpt":{"rendered":"<p>[vc_row][vc_column width=&#8221;1\/2&#8243;][\/vc_column][vc_column width=&#8221;1\/2&#8243;][vc_column_text text_style=&#8221;leader-text&#8221;] Opis: Herbata ciesz\u0105ca si\u0119 bardzo du\u017c\u0105 popularno\u015bci\u0105. Wytwarzana jest w tradycyjny spos\u00f3b bez u\u017cycia sztucznych aromat\u00f3w. Tu\u017c po zbiorach herbat\u0119\u00a0Yunnan\u00a0pozostawia si\u0119 do suszenia, uk\u0142adana jest na przemian warstwami ze\u00a0\u015bwie\u017cym ja\u015bminem, po czym pozostawiona jest do czasu a\u017c li\u015bcie herbaty nasi\u0105kn\u0105 esencj\u0105 \u015bwie\u017cego ja\u015bminu. Herbata Ja\u015bminowa ma niepowtarzalny smak i zapach. Cieszy [&hellip;]<\/p>\n","protected":false},"author":1,"featured_media":0,"parent":0,"menu_order":0,"comment_status":"closed","ping_status":"closed","template":"","meta":[],"_links":{"self":[{"href":"https:\/\/fitnow.stronazen.pl\/index.php\/wp-json\/wp\/v2\/pages\/115"}],"collection":[{"href":"https:\/\/fitnow.stronazen.pl\/index.php\/wp-json\/wp\/v2\/pages"}],"about":[{"href":"https:\/\/fitnow.stronazen.pl\/index.php\/wp-json\/wp\/v2\/types\/page"}],"author":[{"embeddable":true,"href":"https:\/\/fitnow.stronazen.pl\/index.php\/wp-json\/wp\/v2\/users\/1"}],"replies":[{"embeddable":true,"href":"https:\/\/fitnow.stronazen.pl\/index.php\/wp-json\/wp\/v2\/comments?post=115"}],"version-history":[{"count":3,"href":"https:\/\/fitnow.stronazen.pl\/index.php\/wp-json\/wp\/v2\/pages\/115\/revisions"}],"predecessor-version":[{"id":140,"href":"https:\/\/fitnow.stronazen.pl\/index.php\/wp-json\/wp\/v2\/pages\/115\/revisions\/140"}],"wp:attachment":[{"href":"https:\/\/fitnow.stronazen.pl\/index.php\/wp-json\/wp\/v2\/media?parent=115"}],"curies":[{"name":"wp","href":"https:\/\/api.w.org\/{rel}","templated":true}]}}