{"id":119,"date":"2022-12-17T14:11:31","date_gmt":"2022-12-17T14:11:31","guid":{"rendered":"https:\/\/fitnow.stronazen.pl\/?page_id=119"},"modified":"2022-12-17T14:29:34","modified_gmt":"2022-12-17T14:29:34","slug":"nalewka-babuni","status":"publish","type":"page","link":"https:\/\/fitnow.stronazen.pl\/index.php\/nalewka-babuni\/","title":{"rendered":"Nalewka Babuni"},"content":{"rendered":"<p>[vc_row][vc_column width=&#8221;1\/2&#8243;]<div class=\"eut-empty-space eut-height-1x\" style=\"\"><\/div><div class=\"eut-element eut-image eut-align-center\" style=\"\">  <div class=\"eut-image-wrapper\"><img width=\"1000\" height=\"1000\" src=\"https:\/\/fitnow.stronazen.pl\/wp-content\/uploads\/2022\/12\/Nalewka-Babuni-50g.png\" class=\"attachment-full size-full\" alt=\"\" loading=\"lazy\" srcset=\"https:\/\/fitnow.stronazen.pl\/wp-content\/uploads\/2022\/12\/Nalewka-Babuni-50g.png 1000w, https:\/\/fitnow.stronazen.pl\/wp-content\/uploads\/2022\/12\/Nalewka-Babuni-50g-300x300.png 300w, https:\/\/fitnow.stronazen.pl\/wp-content\/uploads\/2022\/12\/Nalewka-Babuni-50g-150x150.png 150w, https:\/\/fitnow.stronazen.pl\/wp-content\/uploads\/2022\/12\/Nalewka-Babuni-50g-768x768.png 768w, https:\/\/fitnow.stronazen.pl\/wp-content\/uploads\/2022\/12\/Nalewka-Babuni-50g-560x560.png 560w, https:\/\/fitnow.stronazen.pl\/wp-content\/uploads\/2022\/12\/Nalewka-Babuni-50g-900x900.png 900w\" sizes=\"(max-width: 1000px) 100vw, 1000px\" \/>  <\/div><\/div>[\/vc_column][vc_column width=&#8221;1\/2&#8243;]<h3 class=\"eut-element eut-title eut-align-inherit eut-h3\" style=\"\"><span><br>\n<h2 style=\"text-align: center;\"><strong>Nalewka Babuni<\/strong><\/h2>\n<\/span><\/h3><div class=\"eut-empty-space eut-height-1x\" style=\"\"><\/div>[vc_column_text text_style=&#8221;leader-text&#8221;]<\/p>\n<h6><strong>Sk\u0142ad: <\/strong>Jab\u0142ko liofilizowane + Rodzynki + Wi\u015bnie + Dzika r\u00f3\u017ca + Hibiskus + Aromat<\/h6>\n<h6><strong>Opis:\u00a0<\/strong>Wyj\u0105tkowa, smaczna herbata owocowa z dodatkiem hibiskusa, doskona\u0142a do picia na zimno i na gor\u0105co. Doskonale gasi pragnienie latem.<\/h6>\n<h6><strong>Pochodzenie: <\/strong>Unia Europejska<\/h6>\n<h6><strong>Spos\u00f3b przygotowania:\u00a0<\/strong>Zaparza\u0107 wrz\u0105tkiem 90 &#8211; 95\u00b0C przez oko\u0142o 7 minut.<\/h6>\n<p>[\/vc_column_text][\/vc_column][\/vc_row][vc_row][vc_column][vc_column_text]<\/p>\n<p style=\"text-align: center;\"><a href=\"https:\/\/fitnow.stronazen.pl\/index.php\/hebatki\/\"><strong>powr\u00f3t do herbatek<\/strong><\/a><\/p>\n<p>[\/vc_column_text][\/vc_column][\/vc_row]<\/p>\n","protected":false},"excerpt":{"rendered":"<p>[vc_row][vc_column width=&#8221;1\/2&#8243;][\/vc_column][vc_column width=&#8221;1\/2&#8243;][vc_column_text text_style=&#8221;leader-text&#8221;] Sk\u0142ad: Jab\u0142ko liofilizowane + Rodzynki + Wi\u015bnie + Dzika r\u00f3\u017ca + Hibiskus + Aromat Opis:\u00a0Wyj\u0105tkowa, smaczna herbata owocowa z dodatkiem hibiskusa, doskona\u0142a do picia na zimno i na gor\u0105co. Doskonale gasi pragnienie latem. Pochodzenie: Unia Europejska Spos\u00f3b przygotowania:\u00a0Zaparza\u0107 wrz\u0105tkiem 90 &#8211; 95\u00b0C przez oko\u0142o 7 minut. [\/vc_column_text][\/vc_column][\/vc_row][vc_row][vc_column][vc_column_text] powr\u00f3t do herbatek [\/vc_column_text][\/vc_column][\/vc_row]<\/p>\n","protected":false},"author":1,"featured_media":0,"parent":0,"menu_order":0,"comment_status":"closed","ping_status":"closed","template":"","meta":[],"_links":{"self":[{"href":"https:\/\/fitnow.stronazen.pl\/index.php\/wp-json\/wp\/v2\/pages\/119"}],"collection":[{"href":"https:\/\/fitnow.stronazen.pl\/index.php\/wp-json\/wp\/v2\/pages"}],"about":[{"href":"https:\/\/fitnow.stronazen.pl\/index.php\/wp-json\/wp\/v2\/types\/page"}],"author":[{"embeddable":true,"href":"https:\/\/fitnow.stronazen.pl\/index.php\/wp-json\/wp\/v2\/users\/1"}],"replies":[{"embeddable":true,"href":"https:\/\/fitnow.stronazen.pl\/index.php\/wp-json\/wp\/v2\/comments?post=119"}],"version-history":[{"count":2,"href":"https:\/\/fitnow.stronazen.pl\/index.php\/wp-json\/wp\/v2\/pages\/119\/revisions"}],"predecessor-version":[{"id":141,"href":"https:\/\/fitnow.stronazen.pl\/index.php\/wp-json\/wp\/v2\/pages\/119\/revisions\/141"}],"wp:attachment":[{"href":"https:\/\/fitnow.stronazen.pl\/index.php\/wp-json\/wp\/v2\/media?parent=119"}],"curies":[{"name":"wp","href":"https:\/\/api.w.org\/{rel}","templated":true}]}}