{"id":121,"date":"2022-12-17T14:15:05","date_gmt":"2022-12-17T14:15:05","guid":{"rendered":"https:\/\/fitnow.stronazen.pl\/?page_id=121"},"modified":"2022-12-17T14:30:13","modified_gmt":"2022-12-17T14:30:13","slug":"pai_mu_tan","status":"publish","type":"page","link":"https:\/\/fitnow.stronazen.pl\/index.php\/pai_mu_tan\/","title":{"rendered":"PAI MU TAN TRUSKAWKI I SZAMPAN"},"content":{"rendered":"<p>[vc_row][vc_column width=&#8221;1\/2&#8243;]<div class=\"eut-empty-space eut-height-1x\" style=\"\"><\/div><div class=\"eut-element eut-image eut-align-center\" style=\"\">  <div class=\"eut-image-wrapper\"><img width=\"1000\" height=\"1000\" src=\"https:\/\/fitnow.stronazen.pl\/wp-content\/uploads\/2022\/12\/Pai-Mu-Tan-Truskawki-i-Szampan-50g.jpg\" class=\"attachment-full size-full\" alt=\"\" loading=\"lazy\" srcset=\"https:\/\/fitnow.stronazen.pl\/wp-content\/uploads\/2022\/12\/Pai-Mu-Tan-Truskawki-i-Szampan-50g.jpg 1000w, https:\/\/fitnow.stronazen.pl\/wp-content\/uploads\/2022\/12\/Pai-Mu-Tan-Truskawki-i-Szampan-50g-300x300.jpg 300w, https:\/\/fitnow.stronazen.pl\/wp-content\/uploads\/2022\/12\/Pai-Mu-Tan-Truskawki-i-Szampan-50g-150x150.jpg 150w, https:\/\/fitnow.stronazen.pl\/wp-content\/uploads\/2022\/12\/Pai-Mu-Tan-Truskawki-i-Szampan-50g-768x768.jpg 768w, https:\/\/fitnow.stronazen.pl\/wp-content\/uploads\/2022\/12\/Pai-Mu-Tan-Truskawki-i-Szampan-50g-560x560.jpg 560w, https:\/\/fitnow.stronazen.pl\/wp-content\/uploads\/2022\/12\/Pai-Mu-Tan-Truskawki-i-Szampan-50g-900x900.jpg 900w\" sizes=\"(max-width: 1000px) 100vw, 1000px\" \/>  <\/div><\/div>[\/vc_column][vc_column width=&#8221;1\/2&#8243;]<h3 class=\"eut-element eut-title eut-align-inherit eut-h3\" style=\"\"><span><br>\n<h2 style=\"text-align: center;\"><strong>PAI MU TAN Truskawki i Szampan<br \/>\n<\/strong><\/h2>\n<\/span><\/h3><div class=\"eut-empty-space eut-height-1x\" style=\"\"><\/div>[vc_column_text text_style=&#8221;leader-text&#8221;]<\/p>\n<h6><strong>Sk\u0142ad:\u00a0<\/strong>Pai Mu Tan + Truskawki liofilizowane + Aromat<\/h6>\n<h6><strong>Opis:\u00a0<\/strong>Po\u0142\u0105czenie bia\u0142ej, delikatnej, wysokogatunkowej herbaty Pai Mu Tan z dodatkiem liofilizowanych truskawek. Herbata bia\u0142a jest zaliczana do najdro\u017cszych na \u015bwiecie. Okre\u015blenie bia\u0142a wywodzi si\u0119 od srebrno-bia\u0142ych, pokrytych delikatnymi w\u0142oskami, listk\u00f3w. Powstaje z m\u0142odych, wiosennych p\u0105czk\u00f3w, kt\u00f3re jeszcze nie zd\u0105\u017cy\u0142y si\u0119 rozwin\u0105\u0107. W trakcie produkcji poddawana jest tylko procesowi wi\u0119dni\u0119cia i suszenia. Napar tej herbaty jest bardzo delikatny i subtelny. Pokrywaj\u0105cy p\u0105czki i spodni\u0105 powierzchni\u0119 listk\u00f3w meszek ma specyficzn\u0105 srebrn\u0105, po\u0142yskliw\u0105 barw\u0119.<\/h6>\n<h6><strong>Pochodzenie: <\/strong>Unia Europejska<\/h6>\n<h6><strong>Spos\u00f3b przygotowania:\u00a0<\/strong>Zaparza\u0107 w temperaturze 65 &#8211; 75\u00b0C maksymalnie 5\u00a0minut, potem oddzieli\u0107 listki od naparu. Gdy listki pozostawimy w naparze, herbata b\u0119dzie bardzo gorzka i bez aromatu.<\/h6>\n<p>[\/vc_column_text][\/vc_column][\/vc_row][vc_row][vc_column][vc_column_text]<\/p>\n<p style=\"text-align: center;\"><a href=\"https:\/\/fitnow.stronazen.pl\/index.php\/hebatki\/\"><strong>powr\u00f3t do herbatek<\/strong><\/a><\/p>\n<p>[\/vc_column_text][\/vc_column][\/vc_row]<\/p>\n","protected":false},"excerpt":{"rendered":"<p>[vc_row][vc_column width=&#8221;1\/2&#8243;][\/vc_column][vc_column width=&#8221;1\/2&#8243;][vc_column_text text_style=&#8221;leader-text&#8221;] Sk\u0142ad:\u00a0Pai Mu Tan + Truskawki liofilizowane + Aromat Opis:\u00a0Po\u0142\u0105czenie bia\u0142ej, delikatnej, wysokogatunkowej herbaty Pai Mu Tan z dodatkiem liofilizowanych truskawek. Herbata bia\u0142a jest zaliczana do najdro\u017cszych na \u015bwiecie. Okre\u015blenie bia\u0142a wywodzi si\u0119 od srebrno-bia\u0142ych, pokrytych delikatnymi w\u0142oskami, listk\u00f3w. Powstaje z m\u0142odych, wiosennych p\u0105czk\u00f3w, kt\u00f3re jeszcze nie zd\u0105\u017cy\u0142y si\u0119 rozwin\u0105\u0107. W trakcie [&hellip;]<\/p>\n","protected":false},"author":1,"featured_media":0,"parent":0,"menu_order":0,"comment_status":"closed","ping_status":"closed","template":"","meta":[],"_links":{"self":[{"href":"https:\/\/fitnow.stronazen.pl\/index.php\/wp-json\/wp\/v2\/pages\/121"}],"collection":[{"href":"https:\/\/fitnow.stronazen.pl\/index.php\/wp-json\/wp\/v2\/pages"}],"about":[{"href":"https:\/\/fitnow.stronazen.pl\/index.php\/wp-json\/wp\/v2\/types\/page"}],"author":[{"embeddable":true,"href":"https:\/\/fitnow.stronazen.pl\/index.php\/wp-json\/wp\/v2\/users\/1"}],"replies":[{"embeddable":true,"href":"https:\/\/fitnow.stronazen.pl\/index.php\/wp-json\/wp\/v2\/comments?post=121"}],"version-history":[{"count":2,"href":"https:\/\/fitnow.stronazen.pl\/index.php\/wp-json\/wp\/v2\/pages\/121\/revisions"}],"predecessor-version":[{"id":142,"href":"https:\/\/fitnow.stronazen.pl\/index.php\/wp-json\/wp\/v2\/pages\/121\/revisions\/142"}],"wp:attachment":[{"href":"https:\/\/fitnow.stronazen.pl\/index.php\/wp-json\/wp\/v2\/media?parent=121"}],"curies":[{"name":"wp","href":"https:\/\/api.w.org\/{rel}","templated":true}]}}