{"id":124,"date":"2022-12-17T14:18:40","date_gmt":"2022-12-17T14:18:40","guid":{"rendered":"https:\/\/fitnow.stronazen.pl\/?page_id=124"},"modified":"2022-12-17T14:30:44","modified_gmt":"2022-12-17T14:30:44","slug":"przedwiosnie","status":"publish","type":"page","link":"https:\/\/fitnow.stronazen.pl\/index.php\/przedwiosnie\/","title":{"rendered":"Przedwio\u015bnie"},"content":{"rendered":"<p>[vc_row][vc_column width=&#8221;1\/2&#8243;]<div class=\"eut-empty-space eut-height-1x\" style=\"\"><\/div><div class=\"eut-element eut-image eut-align-center\" style=\"\">  <div class=\"eut-image-wrapper\"><img width=\"1000\" height=\"1000\" src=\"https:\/\/fitnow.stronazen.pl\/wp-content\/uploads\/2022\/12\/Przedwiosnie-50g.jpg\" class=\"attachment-full size-full\" alt=\"\" loading=\"lazy\" srcset=\"https:\/\/fitnow.stronazen.pl\/wp-content\/uploads\/2022\/12\/Przedwiosnie-50g.jpg 1000w, https:\/\/fitnow.stronazen.pl\/wp-content\/uploads\/2022\/12\/Przedwiosnie-50g-300x300.jpg 300w, https:\/\/fitnow.stronazen.pl\/wp-content\/uploads\/2022\/12\/Przedwiosnie-50g-150x150.jpg 150w, https:\/\/fitnow.stronazen.pl\/wp-content\/uploads\/2022\/12\/Przedwiosnie-50g-768x768.jpg 768w, https:\/\/fitnow.stronazen.pl\/wp-content\/uploads\/2022\/12\/Przedwiosnie-50g-560x560.jpg 560w, https:\/\/fitnow.stronazen.pl\/wp-content\/uploads\/2022\/12\/Przedwiosnie-50g-900x900.jpg 900w\" sizes=\"(max-width: 1000px) 100vw, 1000px\" \/>  <\/div><\/div>[\/vc_column][vc_column width=&#8221;1\/2&#8243;]<h3 class=\"eut-element eut-title eut-align-inherit eut-h3\" style=\"\"><span><br>\n<h2 style=\"text-align: center;\"><strong>Przedwio\u015bnie<\/strong><\/h2>\n<\/span><\/h3><div class=\"eut-empty-space eut-height-1x\" style=\"\"><\/div>[vc_column_text text_style=&#8221;leader-text&#8221;]<\/p>\n<h6><strong>Sk\u0142ad:\u00a0<\/strong>Sencha + Pai Mu Tan + Mango + Ananas + Pomara\u0144cza + Kwiaty aksamitki + Truskawki<\/h6>\n<h6><strong>Opis:\u00a0<\/strong>Harmonijna mieszanka najwy\u017cszej jako\u015bci herbat zielonych (Sencha) i bia\u0142ych (Pai Mu Tan), kt\u00f3re oferuj\u0105 nut\u0119 wiosny przez ca\u0142y rok. \u017bywe, \u017c\u00f3\u0142te barwy sk\u0142adnik\u00f3w przypominaj\u0105 o pierwszych ciep\u0142ych promieniach s\u0142o\u0144ca. Ca\u0142o\u015b\u0107 jest urozmaicona owocow\u0105 kompozycj\u0105 aromat\u00f3w, kt\u00f3re czyni\u0105 t\u0119 mieszank\u0119 prawdziw\u0105 specjalno\u015bci\u0105. Po\u0142\u0105czenie r\u00f3\u017cnych owoc\u00f3w w tym mango, ananasa i pomara\u0144czy podkre\u015bla koj\u0105cy, \u015bwie\u017cy smak herbaty.<\/h6>\n<h6><strong>Pochodzenie: <\/strong>Unia Europejska<\/h6>\n<h6><strong>Spos\u00f3b przygotowania:\u00a0<\/strong>Zaparza\u0107 w temperaturze 65 &#8211; 75\u00b0C maksymalnie 5\u00a0minut, potem oddzieli\u0107 li\u015bcie od naparu.<\/h6>\n<p>[\/vc_column_text][\/vc_column][\/vc_row][vc_row][vc_column][vc_column_text]<\/p>\n<p style=\"text-align: center;\"><a href=\"https:\/\/fitnow.stronazen.pl\/index.php\/hebatki\/\"><strong>powr\u00f3t do herbatek<\/strong><\/a><\/p>\n<p>[\/vc_column_text][\/vc_column][\/vc_row]<\/p>\n","protected":false},"excerpt":{"rendered":"<p>[vc_row][vc_column width=&#8221;1\/2&#8243;][\/vc_column][vc_column width=&#8221;1\/2&#8243;][vc_column_text text_style=&#8221;leader-text&#8221;] Sk\u0142ad:\u00a0Sencha + Pai Mu Tan + Mango + Ananas + Pomara\u0144cza + Kwiaty aksamitki + Truskawki Opis:\u00a0Harmonijna mieszanka najwy\u017cszej jako\u015bci herbat zielonych (Sencha) i bia\u0142ych (Pai Mu Tan), kt\u00f3re oferuj\u0105 nut\u0119 wiosny przez ca\u0142y rok. \u017bywe, \u017c\u00f3\u0142te barwy sk\u0142adnik\u00f3w przypominaj\u0105 o pierwszych ciep\u0142ych promieniach s\u0142o\u0144ca. Ca\u0142o\u015b\u0107 jest urozmaicona owocow\u0105 kompozycj\u0105 aromat\u00f3w, [&hellip;]<\/p>\n","protected":false},"author":1,"featured_media":0,"parent":0,"menu_order":0,"comment_status":"closed","ping_status":"closed","template":"","meta":[],"_links":{"self":[{"href":"https:\/\/fitnow.stronazen.pl\/index.php\/wp-json\/wp\/v2\/pages\/124"}],"collection":[{"href":"https:\/\/fitnow.stronazen.pl\/index.php\/wp-json\/wp\/v2\/pages"}],"about":[{"href":"https:\/\/fitnow.stronazen.pl\/index.php\/wp-json\/wp\/v2\/types\/page"}],"author":[{"embeddable":true,"href":"https:\/\/fitnow.stronazen.pl\/index.php\/wp-json\/wp\/v2\/users\/1"}],"replies":[{"embeddable":true,"href":"https:\/\/fitnow.stronazen.pl\/index.php\/wp-json\/wp\/v2\/comments?post=124"}],"version-history":[{"count":2,"href":"https:\/\/fitnow.stronazen.pl\/index.php\/wp-json\/wp\/v2\/pages\/124\/revisions"}],"predecessor-version":[{"id":143,"href":"https:\/\/fitnow.stronazen.pl\/index.php\/wp-json\/wp\/v2\/pages\/124\/revisions\/143"}],"wp:attachment":[{"href":"https:\/\/fitnow.stronazen.pl\/index.php\/wp-json\/wp\/v2\/media?parent=124"}],"curies":[{"name":"wp","href":"https:\/\/api.w.org\/{rel}","templated":true}]}}