{"id":127,"date":"2022-12-17T14:20:55","date_gmt":"2022-12-17T14:20:55","guid":{"rendered":"https:\/\/fitnow.stronazen.pl\/?page_id=127"},"modified":"2022-12-17T14:31:28","modified_gmt":"2022-12-17T14:31:28","slug":"siedem-cudow","status":"publish","type":"page","link":"https:\/\/fitnow.stronazen.pl\/index.php\/siedem-cudow\/","title":{"rendered":"Siedem Cud\u00f3w"},"content":{"rendered":"<p>[vc_row][vc_column width=&#8221;1\/2&#8243;]<div class=\"eut-empty-space eut-height-1x\" style=\"\"><\/div><div class=\"eut-element eut-image eut-align-center\" style=\"\">  <div class=\"eut-image-wrapper\"><img width=\"1000\" height=\"1000\" src=\"https:\/\/fitnow.stronazen.pl\/wp-content\/uploads\/2022\/12\/Siedem-Cudow-50g.jpg\" class=\"attachment-full size-full\" alt=\"\" loading=\"lazy\" srcset=\"https:\/\/fitnow.stronazen.pl\/wp-content\/uploads\/2022\/12\/Siedem-Cudow-50g.jpg 1000w, https:\/\/fitnow.stronazen.pl\/wp-content\/uploads\/2022\/12\/Siedem-Cudow-50g-300x300.jpg 300w, https:\/\/fitnow.stronazen.pl\/wp-content\/uploads\/2022\/12\/Siedem-Cudow-50g-150x150.jpg 150w, https:\/\/fitnow.stronazen.pl\/wp-content\/uploads\/2022\/12\/Siedem-Cudow-50g-768x768.jpg 768w, https:\/\/fitnow.stronazen.pl\/wp-content\/uploads\/2022\/12\/Siedem-Cudow-50g-560x560.jpg 560w, https:\/\/fitnow.stronazen.pl\/wp-content\/uploads\/2022\/12\/Siedem-Cudow-50g-900x900.jpg 900w\" sizes=\"(max-width: 1000px) 100vw, 1000px\" \/>  <\/div><\/div>[\/vc_column][vc_column width=&#8221;1\/2&#8243;]<h3 class=\"eut-element eut-title eut-align-inherit eut-h3\" style=\"\"><span><br>\n<h2 style=\"text-align: center;\"><strong>Siedem Cud\u00f3w<\/strong><\/h2>\n<\/span><\/h3><div class=\"eut-empty-space eut-height-1x\" style=\"\"><\/div>[vc_column_text text_style=&#8221;leader-text&#8221;]<\/p>\n<h6><strong>Opis: <\/strong>Czarna herbata li\u015bciasta po\u0142\u0105czona z siedmioma darami natury. W jej sk\u0142ad wchodzi mango, brzoskwinia, papaja, owoc morwy bia\u0142ej, li\u015b\u0107 eukaliptusa, kwiaty krokoszu i b\u0142awatka. Razem tworz\u0105 przyjemn\u0105 owocow\u0105 kompozycj\u0119, kt\u00f3ra przenosi nas prosto do tropik\u00f3w. Jednym s\u0142owem smak wakacji w fili\u017cance.<\/h6>\n<h6><strong>Pochodzenie: <\/strong>Unia Europejska<\/h6>\n<h6><strong>Spos\u00f3b przygotowania: <\/strong>Zaparza\u0107 wrz\u0105tkiem 90 &#8211; 95\u00b0C przez oko\u0142o 3 &#8211; 5 minut. Po wskazanym czasie li\u015bcie oddzieli\u0107 od naparu.<\/h6>\n<p>[\/vc_column_text][\/vc_column][\/vc_row][vc_row][vc_column][vc_column_text]<\/p>\n<p style=\"text-align: center;\"><a href=\"https:\/\/fitnow.stronazen.pl\/index.php\/hebatki\/\"><strong>powr\u00f3t do herbatek<\/strong><\/a><\/p>\n<p>[\/vc_column_text][\/vc_column][\/vc_row]<\/p>\n","protected":false},"excerpt":{"rendered":"<p>[vc_row][vc_column width=&#8221;1\/2&#8243;][\/vc_column][vc_column width=&#8221;1\/2&#8243;][vc_column_text text_style=&#8221;leader-text&#8221;] Opis: Czarna herbata li\u015bciasta po\u0142\u0105czona z siedmioma darami natury. W jej sk\u0142ad wchodzi mango, brzoskwinia, papaja, owoc morwy bia\u0142ej, li\u015b\u0107 eukaliptusa, kwiaty krokoszu i b\u0142awatka. Razem tworz\u0105 przyjemn\u0105 owocow\u0105 kompozycj\u0119, kt\u00f3ra przenosi nas prosto do tropik\u00f3w. Jednym s\u0142owem smak wakacji w fili\u017cance. Pochodzenie: Unia Europejska Spos\u00f3b przygotowania: Zaparza\u0107 wrz\u0105tkiem 90 &#8211; [&hellip;]<\/p>\n","protected":false},"author":1,"featured_media":0,"parent":0,"menu_order":0,"comment_status":"closed","ping_status":"closed","template":"","meta":[],"_links":{"self":[{"href":"https:\/\/fitnow.stronazen.pl\/index.php\/wp-json\/wp\/v2\/pages\/127"}],"collection":[{"href":"https:\/\/fitnow.stronazen.pl\/index.php\/wp-json\/wp\/v2\/pages"}],"about":[{"href":"https:\/\/fitnow.stronazen.pl\/index.php\/wp-json\/wp\/v2\/types\/page"}],"author":[{"embeddable":true,"href":"https:\/\/fitnow.stronazen.pl\/index.php\/wp-json\/wp\/v2\/users\/1"}],"replies":[{"embeddable":true,"href":"https:\/\/fitnow.stronazen.pl\/index.php\/wp-json\/wp\/v2\/comments?post=127"}],"version-history":[{"count":2,"href":"https:\/\/fitnow.stronazen.pl\/index.php\/wp-json\/wp\/v2\/pages\/127\/revisions"}],"predecessor-version":[{"id":144,"href":"https:\/\/fitnow.stronazen.pl\/index.php\/wp-json\/wp\/v2\/pages\/127\/revisions\/144"}],"wp:attachment":[{"href":"https:\/\/fitnow.stronazen.pl\/index.php\/wp-json\/wp\/v2\/media?parent=127"}],"curies":[{"name":"wp","href":"https:\/\/api.w.org\/{rel}","templated":true}]}}