{"id":130,"date":"2022-12-17T14:23:51","date_gmt":"2022-12-17T14:23:51","guid":{"rendered":"https:\/\/fitnow.stronazen.pl\/?page_id=130"},"modified":"2022-12-17T14:25:28","modified_gmt":"2022-12-17T14:25:28","slug":"zorza-polarna","status":"publish","type":"page","link":"https:\/\/fitnow.stronazen.pl\/index.php\/zorza-polarna\/","title":{"rendered":"Zorza polarna"},"content":{"rendered":"<p>[vc_row][vc_column width=&#8221;1\/2&#8243;]<div class=\"eut-empty-space eut-height-1x\" style=\"\"><\/div><div class=\"eut-element eut-image eut-align-center\" style=\"\">  <div class=\"eut-image-wrapper\"><img width=\"1000\" height=\"1000\" src=\"https:\/\/fitnow.stronazen.pl\/wp-content\/uploads\/2022\/12\/Zorza-Polarna-50g.jpg\" class=\"attachment-full size-full\" alt=\"\" loading=\"lazy\" srcset=\"https:\/\/fitnow.stronazen.pl\/wp-content\/uploads\/2022\/12\/Zorza-Polarna-50g.jpg 1000w, https:\/\/fitnow.stronazen.pl\/wp-content\/uploads\/2022\/12\/Zorza-Polarna-50g-300x300.jpg 300w, https:\/\/fitnow.stronazen.pl\/wp-content\/uploads\/2022\/12\/Zorza-Polarna-50g-150x150.jpg 150w, https:\/\/fitnow.stronazen.pl\/wp-content\/uploads\/2022\/12\/Zorza-Polarna-50g-768x768.jpg 768w, https:\/\/fitnow.stronazen.pl\/wp-content\/uploads\/2022\/12\/Zorza-Polarna-50g-560x560.jpg 560w, https:\/\/fitnow.stronazen.pl\/wp-content\/uploads\/2022\/12\/Zorza-Polarna-50g-900x900.jpg 900w\" sizes=\"(max-width: 1000px) 100vw, 1000px\" \/>  <\/div><\/div>[\/vc_column][vc_column width=&#8221;1\/2&#8243;]<h3 class=\"eut-element eut-title eut-align-inherit eut-h3\" style=\"\"><span><br>\n<h2 style=\"text-align: center;\"><strong>Zorza polarna<br \/>\n<\/strong><\/h2>\n<\/span><\/h3><div class=\"eut-empty-space eut-height-1x\" style=\"\"><\/div>[vc_column_text text_style=&#8221;leader-text&#8221;]<\/p>\n<h6><strong>Opis: <\/strong>Zielona herbata li\u015bciasta, sencha wzbogacona o moc dodatk\u00f3w. Kompozycja powsta\u0142a z po\u0142\u0105czenia bor\u00f3wki ameryka\u0144skiej, truskawki, pomara\u0144czy, pigwy, b\u0142awatka oraz kocanki. Ta niezwykle bogata mieszanka dodaje energii i pobudza do dalszego dzia\u0142ania.<\/h6>\n<h6><strong>Pochodzenie: <\/strong>Unia Europejska<\/h6>\n<h6><strong>Spos\u00f3b przygotowania:\u00a0<\/strong>Zaparza\u0107 w temperaturze 65 &#8211; 75\u00b0C maksymalnie 5\u00a0minut. Po wskazanym czasie li\u015bcie oddzieli\u0107 od naparu.<\/h6>\n<p>[\/vc_column_text][\/vc_column][\/vc_row][vc_row][vc_column][vc_column_text]<\/p>\n<p style=\"text-align: center;\"><a href=\"https:\/\/fitnow.stronazen.pl\/index.php\/hebatki\/\"><strong>powr\u00f3t do herbatek<\/strong><\/a><\/p>\n<p>[\/vc_column_text][\/vc_column][\/vc_row]<\/p>\n","protected":false},"excerpt":{"rendered":"<p>[vc_row][vc_column width=&#8221;1\/2&#8243;][\/vc_column][vc_column width=&#8221;1\/2&#8243;][vc_column_text text_style=&#8221;leader-text&#8221;] Opis: Zielona herbata li\u015bciasta, sencha wzbogacona o moc dodatk\u00f3w. Kompozycja powsta\u0142a z po\u0142\u0105czenia bor\u00f3wki ameryka\u0144skiej, truskawki, pomara\u0144czy, pigwy, b\u0142awatka oraz kocanki. Ta niezwykle bogata mieszanka dodaje energii i pobudza do dalszego dzia\u0142ania. Pochodzenie: Unia Europejska Spos\u00f3b przygotowania:\u00a0Zaparza\u0107 w temperaturze 65 &#8211; 75\u00b0C maksymalnie 5\u00a0minut. Po wskazanym czasie li\u015bcie oddzieli\u0107 od naparu. [&hellip;]<\/p>\n","protected":false},"author":1,"featured_media":0,"parent":0,"menu_order":0,"comment_status":"closed","ping_status":"closed","template":"","meta":[],"_links":{"self":[{"href":"https:\/\/fitnow.stronazen.pl\/index.php\/wp-json\/wp\/v2\/pages\/130"}],"collection":[{"href":"https:\/\/fitnow.stronazen.pl\/index.php\/wp-json\/wp\/v2\/pages"}],"about":[{"href":"https:\/\/fitnow.stronazen.pl\/index.php\/wp-json\/wp\/v2\/types\/page"}],"author":[{"embeddable":true,"href":"https:\/\/fitnow.stronazen.pl\/index.php\/wp-json\/wp\/v2\/users\/1"}],"replies":[{"embeddable":true,"href":"https:\/\/fitnow.stronazen.pl\/index.php\/wp-json\/wp\/v2\/comments?post=130"}],"version-history":[{"count":4,"href":"https:\/\/fitnow.stronazen.pl\/index.php\/wp-json\/wp\/v2\/pages\/130\/revisions"}],"predecessor-version":[{"id":134,"href":"https:\/\/fitnow.stronazen.pl\/index.php\/wp-json\/wp\/v2\/pages\/130\/revisions\/134"}],"wp:attachment":[{"href":"https:\/\/fitnow.stronazen.pl\/index.php\/wp-json\/wp\/v2\/media?parent=130"}],"curies":[{"name":"wp","href":"https:\/\/api.w.org\/{rel}","templated":true}]}}