{"id":36,"date":"2022-12-17T13:34:18","date_gmt":"2022-12-17T13:34:18","guid":{"rendered":"https:\/\/fitnow.stronazen.pl\/?page_id=36"},"modified":"2022-12-17T14:50:25","modified_gmt":"2022-12-17T14:50:25","slug":"hebatki","status":"publish","type":"page","link":"https:\/\/fitnow.stronazen.pl\/index.php\/hebatki\/","title":{"rendered":"hebatki"},"content":{"rendered":"<p>[vc_row][vc_column]<h3 class=\"eut-element eut-title eut-align-center eut-animated-item eut-fade-in eut-duration-normal eut-h3\" style=\"\" data-delay=\"600\"><span><br>\n<h1><strong><span style=\"color: black;\">HERBATKI DLA \u017bENICZKI<\/span><\/strong><\/h1>\n<h6><strong>(U\u0141O\u017bONE JAK W PUDE\u0141KU. KLIKNIJ W HERBATK\u0118, ABY WY\u015aWIETLI\u0106 SZCZEG\u00d3\u0141Y)<br \/>\n<\/strong><\/h6>\n<\/span><\/h3>[vc_row_inner][vc_column_inner width=&#8221;1\/4&#8243; mobile_width=&#8221;1-4&#8243;]<div class=\"eut-element eut-image eut-align-center\" style=\"\">  <div class=\"eut-image-wrapper\"><a href=\"https:\/\/fitnow.stronazen.pl\/index.php\/earl-gray-orange\/\"><img width=\"4000\" height=\"4000\" src=\"https:\/\/fitnow.stronazen.pl\/wp-content\/uploads\/2022\/12\/19.png\" class=\"attachment-full size-full\" alt=\"\" loading=\"lazy\" srcset=\"https:\/\/fitnow.stronazen.pl\/wp-content\/uploads\/2022\/12\/19.png 1x,https:\/\/fitnow.stronazen.pl\/wp-content\/uploads\/2022\/12\/Earl-Grey-Orange-50g.jpg 2x\" \/><\/a>  <\/div><\/div>[\/vc_column_inner][vc_column_inner width=&#8221;1\/4&#8243; mobile_width=&#8221;1-4&#8243;]<div class=\"eut-element eut-image eut-align-center\" style=\"\">  <div class=\"eut-image-wrapper\"><a href=\"https:\/\/fitnow.stronazen.pl\/index.php\/czarna-wisnia\/\" title=\"Czarna Wi\u015bnia\"><img width=\"1000\" height=\"1000\" src=\"https:\/\/fitnow.stronazen.pl\/wp-content\/uploads\/2022\/12\/Czarna-Wisnia-50g.png\" class=\"attachment-full size-full\" alt=\"\" loading=\"lazy\" srcset=\"https:\/\/fitnow.stronazen.pl\/wp-content\/uploads\/2022\/12\/Czarna-Wisnia-50g.png 1000w, https:\/\/fitnow.stronazen.pl\/wp-content\/uploads\/2022\/12\/Czarna-Wisnia-50g-300x300.png 300w, https:\/\/fitnow.stronazen.pl\/wp-content\/uploads\/2022\/12\/Czarna-Wisnia-50g-150x150.png 150w, https:\/\/fitnow.stronazen.pl\/wp-content\/uploads\/2022\/12\/Czarna-Wisnia-50g-768x768.png 768w, https:\/\/fitnow.stronazen.pl\/wp-content\/uploads\/2022\/12\/Czarna-Wisnia-50g-560x560.png 560w, https:\/\/fitnow.stronazen.pl\/wp-content\/uploads\/2022\/12\/Czarna-Wisnia-50g-900x900.png 900w\" sizes=\"(max-width: 1000px) 100vw, 1000px\" \/><\/a>  <\/div><\/div>[\/vc_column_inner][vc_column_inner width=&#8221;1\/4&#8243; mobile_width=&#8221;1-4&#8243;]<div class=\"eut-element eut-image eut-align-center\" style=\"\">  <div class=\"eut-image-wrapper\"><a href=\"https:\/\/fitnow.stronazen.pl\/index.php\/golden-beauty\/\" title=\"GOLDEN BEAUTY NO. 2\"><img width=\"1000\" height=\"1000\" src=\"https:\/\/fitnow.stronazen.pl\/wp-content\/uploads\/2022\/12\/Golden-Beauty-No-2-50g.png\" class=\"attachment-full size-full\" alt=\"\" loading=\"lazy\" srcset=\"https:\/\/fitnow.stronazen.pl\/wp-content\/uploads\/2022\/12\/Golden-Beauty-No-2-50g.png 1000w, https:\/\/fitnow.stronazen.pl\/wp-content\/uploads\/2022\/12\/Golden-Beauty-No-2-50g-300x300.png 300w, https:\/\/fitnow.stronazen.pl\/wp-content\/uploads\/2022\/12\/Golden-Beauty-No-2-50g-150x150.png 150w, https:\/\/fitnow.stronazen.pl\/wp-content\/uploads\/2022\/12\/Golden-Beauty-No-2-50g-768x768.png 768w, https:\/\/fitnow.stronazen.pl\/wp-content\/uploads\/2022\/12\/Golden-Beauty-No-2-50g-560x560.png 560w, https:\/\/fitnow.stronazen.pl\/wp-content\/uploads\/2022\/12\/Golden-Beauty-No-2-50g-900x900.png 900w\" sizes=\"(max-width: 1000px) 100vw, 1000px\" \/><\/a>  <\/div><\/div>[\/vc_column_inner][vc_column_inner width=&#8221;1\/4&#8243; mobile_width=&#8221;1-4&#8243;]<div class=\"eut-element eut-image eut-align-center\" style=\"\">  <div class=\"eut-image-wrapper\"><a href=\"https:\/\/fitnow.stronazen.pl\/index.php\/taboo\/\" title=\"Taboo\"><img width=\"1000\" height=\"1000\" src=\"https:\/\/fitnow.stronazen.pl\/wp-content\/uploads\/2022\/12\/Herbata-Czarna-Taboo-50g.png\" class=\"attachment-full size-full\" alt=\"\" loading=\"lazy\" srcset=\"https:\/\/fitnow.stronazen.pl\/wp-content\/uploads\/2022\/12\/Herbata-Czarna-Taboo-50g.png 1000w, https:\/\/fitnow.stronazen.pl\/wp-content\/uploads\/2022\/12\/Herbata-Czarna-Taboo-50g-300x300.png 300w, https:\/\/fitnow.stronazen.pl\/wp-content\/uploads\/2022\/12\/Herbata-Czarna-Taboo-50g-150x150.png 150w, https:\/\/fitnow.stronazen.pl\/wp-content\/uploads\/2022\/12\/Herbata-Czarna-Taboo-50g-768x768.png 768w, https:\/\/fitnow.stronazen.pl\/wp-content\/uploads\/2022\/12\/Herbata-Czarna-Taboo-50g-560x560.png 560w, https:\/\/fitnow.stronazen.pl\/wp-content\/uploads\/2022\/12\/Herbata-Czarna-Taboo-50g-900x900.png 900w\" sizes=\"(max-width: 1000px) 100vw, 1000px\" \/><\/a>  <\/div><\/div>[\/vc_column_inner][\/vc_row_inner][vc_row_inner][vc_column_inner width=&#8221;1\/4&#8243; mobile_width=&#8221;1-4&#8243;]<div class=\"eut-element eut-image eut-align-center\" style=\"\">  <div class=\"eut-image-wrapper\"><a href=\"https:\/\/fitnow.stronazen.pl\/index.php\/indyjskie-mango\/\" title=\"Indyjskie Mango\"><img width=\"1000\" height=\"1000\" src=\"https:\/\/fitnow.stronazen.pl\/wp-content\/uploads\/2022\/12\/Indyjskie-Mango-50g.png\" class=\"attachment-full size-full\" alt=\"\" loading=\"lazy\" srcset=\"https:\/\/fitnow.stronazen.pl\/wp-content\/uploads\/2022\/12\/Indyjskie-Mango-50g.png 1000w, https:\/\/fitnow.stronazen.pl\/wp-content\/uploads\/2022\/12\/Indyjskie-Mango-50g-300x300.png 300w, https:\/\/fitnow.stronazen.pl\/wp-content\/uploads\/2022\/12\/Indyjskie-Mango-50g-150x150.png 150w, https:\/\/fitnow.stronazen.pl\/wp-content\/uploads\/2022\/12\/Indyjskie-Mango-50g-768x768.png 768w, https:\/\/fitnow.stronazen.pl\/wp-content\/uploads\/2022\/12\/Indyjskie-Mango-50g-560x560.png 560w, https:\/\/fitnow.stronazen.pl\/wp-content\/uploads\/2022\/12\/Indyjskie-Mango-50g-900x900.png 900w\" sizes=\"(max-width: 1000px) 100vw, 1000px\" \/><\/a>  <\/div><\/div>[\/vc_column_inner][vc_column_inner width=&#8221;1\/4&#8243; mobile_width=&#8221;1-4&#8243;]<div class=\"eut-element eut-image eut-align-center\" style=\"\">  <div class=\"eut-image-wrapper\"><a href=\"https:\/\/fitnow.stronazen.pl\/index.php\/japko-mienta\/\" title=\"Jab\u0142ko z Mi\u0119t\u0105\"><img width=\"1000\" height=\"1000\" src=\"https:\/\/fitnow.stronazen.pl\/wp-content\/uploads\/2022\/12\/Jablko-z-Mieta-50g.png\" class=\"attachment-full size-full\" alt=\"\" loading=\"lazy\" srcset=\"https:\/\/fitnow.stronazen.pl\/wp-content\/uploads\/2022\/12\/Jablko-z-Mieta-50g.png 1000w, https:\/\/fitnow.stronazen.pl\/wp-content\/uploads\/2022\/12\/Jablko-z-Mieta-50g-300x300.png 300w, https:\/\/fitnow.stronazen.pl\/wp-content\/uploads\/2022\/12\/Jablko-z-Mieta-50g-150x150.png 150w, https:\/\/fitnow.stronazen.pl\/wp-content\/uploads\/2022\/12\/Jablko-z-Mieta-50g-768x768.png 768w, https:\/\/fitnow.stronazen.pl\/wp-content\/uploads\/2022\/12\/Jablko-z-Mieta-50g-560x560.png 560w, https:\/\/fitnow.stronazen.pl\/wp-content\/uploads\/2022\/12\/Jablko-z-Mieta-50g-900x900.png 900w\" sizes=\"(max-width: 1000px) 100vw, 1000px\" \/><\/a>  <\/div><\/div>[\/vc_column_inner][vc_column_inner width=&#8221;1\/4&#8243; mobile_width=&#8221;1-4&#8243;]<div class=\"eut-element eut-image eut-align-center\" style=\"\">  <div class=\"eut-image-wrapper\"><a href=\"https:\/\/fitnow.stronazen.pl\/index.php\/jasminowa\/\" title=\"Ja\u015bminowa\"><img width=\"1000\" height=\"1000\" src=\"https:\/\/fitnow.stronazen.pl\/wp-content\/uploads\/2022\/12\/Jasminowa-50g.jpg\" class=\"attachment-full size-full\" alt=\"\" loading=\"lazy\" srcset=\"https:\/\/fitnow.stronazen.pl\/wp-content\/uploads\/2022\/12\/Jasminowa-50g.jpg 1000w, https:\/\/fitnow.stronazen.pl\/wp-content\/uploads\/2022\/12\/Jasminowa-50g-300x300.jpg 300w, https:\/\/fitnow.stronazen.pl\/wp-content\/uploads\/2022\/12\/Jasminowa-50g-150x150.jpg 150w, https:\/\/fitnow.stronazen.pl\/wp-content\/uploads\/2022\/12\/Jasminowa-50g-768x768.jpg 768w, https:\/\/fitnow.stronazen.pl\/wp-content\/uploads\/2022\/12\/Jasminowa-50g-560x560.jpg 560w, https:\/\/fitnow.stronazen.pl\/wp-content\/uploads\/2022\/12\/Jasminowa-50g-900x900.jpg 900w\" sizes=\"(max-width: 1000px) 100vw, 1000px\" \/><\/a>  <\/div><\/div>[\/vc_column_inner][vc_column_inner width=&#8221;1\/4&#8243; mobile_width=&#8221;1-4&#8243;]<div class=\"eut-element eut-image eut-align-center\" style=\"\">  <div class=\"eut-image-wrapper\"><a href=\"https:\/\/fitnow.stronazen.pl\/index.php\/nalewka-babuni\/\" title=\"Nalewka Babuni\"><img width=\"1000\" height=\"1000\" src=\"https:\/\/fitnow.stronazen.pl\/wp-content\/uploads\/2022\/12\/Nalewka-Babuni-50g.png\" class=\"attachment-full size-full\" alt=\"\" loading=\"lazy\" srcset=\"https:\/\/fitnow.stronazen.pl\/wp-content\/uploads\/2022\/12\/Nalewka-Babuni-50g.png 1000w, https:\/\/fitnow.stronazen.pl\/wp-content\/uploads\/2022\/12\/Nalewka-Babuni-50g-300x300.png 300w, https:\/\/fitnow.stronazen.pl\/wp-content\/uploads\/2022\/12\/Nalewka-Babuni-50g-150x150.png 150w, https:\/\/fitnow.stronazen.pl\/wp-content\/uploads\/2022\/12\/Nalewka-Babuni-50g-768x768.png 768w, https:\/\/fitnow.stronazen.pl\/wp-content\/uploads\/2022\/12\/Nalewka-Babuni-50g-560x560.png 560w, https:\/\/fitnow.stronazen.pl\/wp-content\/uploads\/2022\/12\/Nalewka-Babuni-50g-900x900.png 900w\" sizes=\"(max-width: 1000px) 100vw, 1000px\" \/><\/a>  <\/div><\/div>[\/vc_column_inner][\/vc_row_inner][vc_row_inner][vc_column_inner width=&#8221;1\/4&#8243; mobile_width=&#8221;1-4&#8243;]<div class=\"eut-element eut-image eut-align-center\" style=\"\">  <div class=\"eut-image-wrapper\"><a href=\"https:\/\/fitnow.stronazen.pl\/index.php\/pai_mu_tan\/\" title=\"PAI MU TAN TRUSKAWKI I SZAMPAN\"><img width=\"1000\" height=\"1000\" src=\"https:\/\/fitnow.stronazen.pl\/wp-content\/uploads\/2022\/12\/Pai-Mu-Tan-Truskawki-i-Szampan-50g.jpg\" class=\"attachment-full size-full\" alt=\"\" loading=\"lazy\" srcset=\"https:\/\/fitnow.stronazen.pl\/wp-content\/uploads\/2022\/12\/Pai-Mu-Tan-Truskawki-i-Szampan-50g.jpg 1000w, https:\/\/fitnow.stronazen.pl\/wp-content\/uploads\/2022\/12\/Pai-Mu-Tan-Truskawki-i-Szampan-50g-300x300.jpg 300w, https:\/\/fitnow.stronazen.pl\/wp-content\/uploads\/2022\/12\/Pai-Mu-Tan-Truskawki-i-Szampan-50g-150x150.jpg 150w, https:\/\/fitnow.stronazen.pl\/wp-content\/uploads\/2022\/12\/Pai-Mu-Tan-Truskawki-i-Szampan-50g-768x768.jpg 768w, https:\/\/fitnow.stronazen.pl\/wp-content\/uploads\/2022\/12\/Pai-Mu-Tan-Truskawki-i-Szampan-50g-560x560.jpg 560w, https:\/\/fitnow.stronazen.pl\/wp-content\/uploads\/2022\/12\/Pai-Mu-Tan-Truskawki-i-Szampan-50g-900x900.jpg 900w\" sizes=\"(max-width: 1000px) 100vw, 1000px\" \/><\/a>  <\/div><\/div>[\/vc_column_inner][vc_column_inner width=&#8221;1\/4&#8243; mobile_width=&#8221;1-4&#8243;]<div class=\"eut-element eut-image eut-align-center\" style=\"\">  <div class=\"eut-image-wrapper\"><a href=\"https:\/\/fitnow.stronazen.pl\/index.php\/przedwiosnie\/\" title=\"Przedwio\u015bnie\"><img width=\"1000\" height=\"1000\" src=\"https:\/\/fitnow.stronazen.pl\/wp-content\/uploads\/2022\/12\/Przedwiosnie-50g.jpg\" class=\"attachment-full size-full\" alt=\"\" loading=\"lazy\" srcset=\"https:\/\/fitnow.stronazen.pl\/wp-content\/uploads\/2022\/12\/Przedwiosnie-50g.jpg 1000w, https:\/\/fitnow.stronazen.pl\/wp-content\/uploads\/2022\/12\/Przedwiosnie-50g-300x300.jpg 300w, https:\/\/fitnow.stronazen.pl\/wp-content\/uploads\/2022\/12\/Przedwiosnie-50g-150x150.jpg 150w, https:\/\/fitnow.stronazen.pl\/wp-content\/uploads\/2022\/12\/Przedwiosnie-50g-768x768.jpg 768w, https:\/\/fitnow.stronazen.pl\/wp-content\/uploads\/2022\/12\/Przedwiosnie-50g-560x560.jpg 560w, https:\/\/fitnow.stronazen.pl\/wp-content\/uploads\/2022\/12\/Przedwiosnie-50g-900x900.jpg 900w\" sizes=\"(max-width: 1000px) 100vw, 1000px\" \/><\/a>  <\/div><\/div>[\/vc_column_inner][vc_column_inner width=&#8221;1\/4&#8243; mobile_width=&#8221;1-4&#8243;]<div class=\"eut-element eut-image eut-align-center\" style=\"\">  <div class=\"eut-image-wrapper\"><a href=\"https:\/\/fitnow.stronazen.pl\/index.php\/siedem-cudow\/\" title=\"Siedem Cud\u00f3w\"><img width=\"1000\" height=\"1000\" src=\"https:\/\/fitnow.stronazen.pl\/wp-content\/uploads\/2022\/12\/Siedem-Cudow-50g.jpg\" class=\"attachment-full size-full\" alt=\"\" loading=\"lazy\" srcset=\"https:\/\/fitnow.stronazen.pl\/wp-content\/uploads\/2022\/12\/Siedem-Cudow-50g.jpg 1000w, https:\/\/fitnow.stronazen.pl\/wp-content\/uploads\/2022\/12\/Siedem-Cudow-50g-300x300.jpg 300w, https:\/\/fitnow.stronazen.pl\/wp-content\/uploads\/2022\/12\/Siedem-Cudow-50g-150x150.jpg 150w, https:\/\/fitnow.stronazen.pl\/wp-content\/uploads\/2022\/12\/Siedem-Cudow-50g-768x768.jpg 768w, https:\/\/fitnow.stronazen.pl\/wp-content\/uploads\/2022\/12\/Siedem-Cudow-50g-560x560.jpg 560w, https:\/\/fitnow.stronazen.pl\/wp-content\/uploads\/2022\/12\/Siedem-Cudow-50g-900x900.jpg 900w\" sizes=\"(max-width: 1000px) 100vw, 1000px\" \/><\/a>  <\/div><\/div>[\/vc_column_inner][vc_column_inner width=&#8221;1\/4&#8243; mobile_width=&#8221;1-4&#8243;]<div class=\"eut-element eut-image eut-align-center\" style=\"\">  <div class=\"eut-image-wrapper\"><a href=\"https:\/\/fitnow.stronazen.pl\/index.php\/zorza-polarna\/\" title=\"Zorza polarna\"><img width=\"1000\" height=\"1000\" src=\"https:\/\/fitnow.stronazen.pl\/wp-content\/uploads\/2022\/12\/Zorza-Polarna-50g.jpg\" class=\"attachment-full size-full\" alt=\"\" loading=\"lazy\" srcset=\"https:\/\/fitnow.stronazen.pl\/wp-content\/uploads\/2022\/12\/Zorza-Polarna-50g.jpg 1000w, https:\/\/fitnow.stronazen.pl\/wp-content\/uploads\/2022\/12\/Zorza-Polarna-50g-300x300.jpg 300w, https:\/\/fitnow.stronazen.pl\/wp-content\/uploads\/2022\/12\/Zorza-Polarna-50g-150x150.jpg 150w, https:\/\/fitnow.stronazen.pl\/wp-content\/uploads\/2022\/12\/Zorza-Polarna-50g-768x768.jpg 768w, https:\/\/fitnow.stronazen.pl\/wp-content\/uploads\/2022\/12\/Zorza-Polarna-50g-560x560.jpg 560w, https:\/\/fitnow.stronazen.pl\/wp-content\/uploads\/2022\/12\/Zorza-Polarna-50g-900x900.jpg 900w\" sizes=\"(max-width: 1000px) 100vw, 1000px\" \/><\/a>  <\/div><\/div>[\/vc_column_inner][\/vc_row_inner][\/vc_column][\/vc_row][vc_row][vc_column][vc_column_text]<\/p>\n<p style=\"text-align: center;\"><strong>SMACZNEGO!<\/strong><\/p>\n<p>[\/vc_column_text][\/vc_column][\/vc_row]<\/p>\n","protected":false},"excerpt":{"rendered":"<p>[vc_row][vc_column][vc_row_inner][vc_column_inner width=&#8221;1\/4&#8243; mobile_width=&#8221;1-4&#8243;][\/vc_column_inner][vc_column_inner width=&#8221;1\/4&#8243; mobile_width=&#8221;1-4&#8243;][\/vc_column_inner][vc_column_inner width=&#8221;1\/4&#8243; mobile_width=&#8221;1-4&#8243;][\/vc_column_inner][vc_column_inner width=&#8221;1\/4&#8243; mobile_width=&#8221;1-4&#8243;][\/vc_column_inner][\/vc_row_inner][vc_row_inner][vc_column_inner width=&#8221;1\/4&#8243; mobile_width=&#8221;1-4&#8243;][\/vc_column_inner][vc_column_inner width=&#8221;1\/4&#8243; mobile_width=&#8221;1-4&#8243;][\/vc_column_inner][vc_column_inner width=&#8221;1\/4&#8243; mobile_width=&#8221;1-4&#8243;][\/vc_column_inner][vc_column_inner width=&#8221;1\/4&#8243; mobile_width=&#8221;1-4&#8243;][\/vc_column_inner][\/vc_row_inner][vc_row_inner][vc_column_inner width=&#8221;1\/4&#8243; mobile_width=&#8221;1-4&#8243;][\/vc_column_inner][vc_column_inner width=&#8221;1\/4&#8243; mobile_width=&#8221;1-4&#8243;][\/vc_column_inner][vc_column_inner width=&#8221;1\/4&#8243; mobile_width=&#8221;1-4&#8243;][\/vc_column_inner][vc_column_inner width=&#8221;1\/4&#8243; mobile_width=&#8221;1-4&#8243;][\/vc_column_inner][\/vc_row_inner][\/vc_column][\/vc_row][vc_row][vc_column][vc_column_text] SMACZNEGO! [\/vc_column_text][\/vc_column][\/vc_row]<\/p>\n","protected":false},"author":1,"featured_media":0,"parent":0,"menu_order":0,"comment_status":"closed","ping_status":"closed","template":"","meta":[],"_links":{"self":[{"href":"https:\/\/fitnow.stronazen.pl\/index.php\/wp-json\/wp\/v2\/pages\/36"}],"collection":[{"href":"https:\/\/fitnow.stronazen.pl\/index.php\/wp-json\/wp\/v2\/pages"}],"about":[{"href":"https:\/\/fitnow.stronazen.pl\/index.php\/wp-json\/wp\/v2\/types\/page"}],"author":[{"embeddable":true,"href":"https:\/\/fitnow.stronazen.pl\/index.php\/wp-json\/wp\/v2\/users\/1"}],"replies":[{"embeddable":true,"href":"https:\/\/fitnow.stronazen.pl\/index.php\/wp-json\/wp\/v2\/comments?post=36"}],"version-history":[{"count":34,"href":"https:\/\/fitnow.stronazen.pl\/index.php\/wp-json\/wp\/v2\/pages\/36\/revisions"}],"predecessor-version":[{"id":153,"href":"https:\/\/fitnow.stronazen.pl\/index.php\/wp-json\/wp\/v2\/pages\/36\/revisions\/153"}],"wp:attachment":[{"href":"https:\/\/fitnow.stronazen.pl\/index.php\/wp-json\/wp\/v2\/media?parent=36"}],"curies":[{"name":"wp","href":"https:\/\/api.w.org\/{rel}","templated":true}]}}