{"id":84,"date":"2022-12-17T13:31:50","date_gmt":"2022-12-17T13:31:50","guid":{"rendered":"https:\/\/fitnow.stronazen.pl\/?page_id=84"},"modified":"2022-12-17T14:26:53","modified_gmt":"2022-12-17T14:26:53","slug":"earl-gray-orange","status":"publish","type":"page","link":"https:\/\/fitnow.stronazen.pl\/index.php\/earl-gray-orange\/","title":{"rendered":"Earl Gray Orange"},"content":{"rendered":"<p>[vc_row][vc_column width=&#8221;1\/2&#8243;]<div class=\"eut-empty-space eut-height-1x\" style=\"\"><\/div><div class=\"eut-element eut-image eut-align-center\" style=\"\">  <div class=\"eut-image-wrapper\"><img width=\"1000\" height=\"1000\" src=\"https:\/\/fitnow.stronazen.pl\/wp-content\/uploads\/2022\/12\/Earl-Grey-Orange-50g.jpg\" class=\"attachment-full size-full\" alt=\"\" loading=\"lazy\" srcset=\"https:\/\/fitnow.stronazen.pl\/wp-content\/uploads\/2022\/12\/Earl-Grey-Orange-50g.jpg 1000w, https:\/\/fitnow.stronazen.pl\/wp-content\/uploads\/2022\/12\/Earl-Grey-Orange-50g-300x300.jpg 300w, https:\/\/fitnow.stronazen.pl\/wp-content\/uploads\/2022\/12\/Earl-Grey-Orange-50g-150x150.jpg 150w, https:\/\/fitnow.stronazen.pl\/wp-content\/uploads\/2022\/12\/Earl-Grey-Orange-50g-768x768.jpg 768w, https:\/\/fitnow.stronazen.pl\/wp-content\/uploads\/2022\/12\/Earl-Grey-Orange-50g-560x560.jpg 560w, https:\/\/fitnow.stronazen.pl\/wp-content\/uploads\/2022\/12\/Earl-Grey-Orange-50g-900x900.jpg 900w\" sizes=\"(max-width: 1000px) 100vw, 1000px\" \/>  <\/div><\/div>[\/vc_column][vc_column width=&#8221;1\/2&#8243;]<h3 class=\"eut-element eut-title eut-align-inherit eut-h3\" style=\"\"><span><br>\n<h2 style=\"text-align: center;\"><strong>Earl Gray Orange<\/strong><\/h2>\n<\/span><\/h3><div class=\"eut-empty-space eut-height-1x\" style=\"\"><\/div>[vc_column_text text_style=&#8221;leader-text&#8221;]<\/p>\n<h6><strong>Sk\u0142ad: <\/strong>Czarna herbata + Kwiat pomara\u0144czy + P\u0142atki pomara\u0144czy + Kawa\u0142ki pomara\u0144czy + Aromat<\/h6>\n<h6><strong>Opis: <\/strong>Herbata aromatyzowana olejkiem bergamotowym z dodatkiem kwiatu i owocu pomara\u0144czy. Herbata naci\u0105ga bardzo szybko intensywnym naparem, wi\u0119c nie nale\u017cy parzy\u0107 jej zbyt d\u0142ugo. Earl Grey cechuje pe\u0142ny, cytrusowy smak z owocow\u0105 nut\u0105.<\/h6>\n<h6><strong>Pochodzenie: <\/strong>Unia Europejska<\/h6>\n<h6><strong>Spos\u00f3b przygotowania: <\/strong>Zaparza\u0107 wrz\u0105tkiem 90 &#8211; 95\u00b0C przez oko\u0142o 3 &#8211; 5 minut. Po wskazanym czasie listki oddzieli\u0107 od naparu, gdy\u017c wydzielaj\u0105ce si\u0119 do naparu garbniki sprawi\u0105, \u017ce napar b\u0119dzie gorzki i zahamuj\u0105 wch\u0142anianie magnezu i \u017celaza oraz mikroelement\u00f3w niezb\u0119dnych do prawid\u0142owego funkcjonowania naszego organizmu.<\/h6>\n<p>[\/vc_column_text][\/vc_column][\/vc_row][vc_row][vc_column][vc_column_text]<\/p>\n<p style=\"text-align: center;\"><strong><a href=\"https:\/\/fitnow.stronazen.pl\/index.php\/hebatki\/\">powr\u00f3t do herbatek<\/a><\/strong><\/p>\n<p>[\/vc_column_text][\/vc_column][\/vc_row]<\/p>\n","protected":false},"excerpt":{"rendered":"<p>[vc_row][vc_column width=&#8221;1\/2&#8243;][\/vc_column][vc_column width=&#8221;1\/2&#8243;][vc_column_text text_style=&#8221;leader-text&#8221;] Sk\u0142ad: Czarna herbata + Kwiat pomara\u0144czy + P\u0142atki pomara\u0144czy + Kawa\u0142ki pomara\u0144czy + Aromat Opis: Herbata aromatyzowana olejkiem bergamotowym z dodatkiem kwiatu i owocu pomara\u0144czy. Herbata naci\u0105ga bardzo szybko intensywnym naparem, wi\u0119c nie nale\u017cy parzy\u0107 jej zbyt d\u0142ugo. Earl Grey cechuje pe\u0142ny, cytrusowy smak z owocow\u0105 nut\u0105. Pochodzenie: Unia Europejska Spos\u00f3b [&hellip;]<\/p>\n","protected":false},"author":1,"featured_media":0,"parent":0,"menu_order":0,"comment_status":"closed","ping_status":"closed","template":"","meta":[],"_links":{"self":[{"href":"https:\/\/fitnow.stronazen.pl\/index.php\/wp-json\/wp\/v2\/pages\/84"}],"collection":[{"href":"https:\/\/fitnow.stronazen.pl\/index.php\/wp-json\/wp\/v2\/pages"}],"about":[{"href":"https:\/\/fitnow.stronazen.pl\/index.php\/wp-json\/wp\/v2\/types\/page"}],"author":[{"embeddable":true,"href":"https:\/\/fitnow.stronazen.pl\/index.php\/wp-json\/wp\/v2\/users\/1"}],"replies":[{"embeddable":true,"href":"https:\/\/fitnow.stronazen.pl\/index.php\/wp-json\/wp\/v2\/comments?post=84"}],"version-history":[{"count":15,"href":"https:\/\/fitnow.stronazen.pl\/index.php\/wp-json\/wp\/v2\/pages\/84\/revisions"}],"predecessor-version":[{"id":136,"href":"https:\/\/fitnow.stronazen.pl\/index.php\/wp-json\/wp\/v2\/pages\/84\/revisions\/136"}],"wp:attachment":[{"href":"https:\/\/fitnow.stronazen.pl\/index.php\/wp-json\/wp\/v2\/media?parent=84"}],"curies":[{"name":"wp","href":"https:\/\/api.w.org\/{rel}","templated":true}]}}